{"id":10556,"date":"2019-11-27T21:39:55","date_gmt":"2019-11-27T20:39:55","guid":{"rendered":"http:\/\/dellavallebalbi.com.uy\/staff\/alejandro-balbi-della-valle\/"},"modified":"2025-10-23T13:08:54","modified_gmt":"2025-10-23T11:08:54","slug":"alejandro-balbi-della-valle","status":"publish","type":"page","link":"https:\/\/dellavallebalbi.com.uy\/pt-br\/alejandro-balbi-della-valle\/","title":{"rendered":"Alejandro Balbi Della Valle"},"content":{"rendered":"<div class=\"row \"><div class=\"wpv-grid grid-1-6  wpv-first-level first unextended\" style=\"padding-top:0px;padding-bottom:0px\" id=\"wpv-column-cc5551d421c5b46e79b84e63b361691f\" ><\/div>\n<div class=\"wpv-grid grid-1-2  wpv-first-level unextended\" style=\"padding-top:0px;padding-bottom:0px\" id=\"wpv-column-10844659aca53156b6efa21848fce33d\" ><div class=\"row \"><div class=\"wpv-grid grid-1-1  first unextended\" style=\"padding-top:0px;padding-bottom:0px\" id=\"wpv-column-4739e42d08c52e44b586258afe91fbdc\" ><p><img loading=\"lazy\" decoding=\"async\" class=\"alignnone wp-image-9978 size-full\" src=\"http:\/\/dellavallebalbi.com.uy\/wp-content\/uploads\/2019\/10\/Alejandro-Balbi-Della-Valle.jpg\" alt=\"\" width=\"730\" height=\"800\" srcset=\"https:\/\/dellavallebalbi.com.uy\/wp-content\/uploads\/2019\/10\/Alejandro-Balbi-Della-Valle.jpg 730w, https:\/\/dellavallebalbi.com.uy\/wp-content\/uploads\/2019\/10\/Alejandro-Balbi-Della-Valle-274x300.jpg 274w, https:\/\/dellavallebalbi.com.uy\/wp-content\/uploads\/2019\/10\/Alejandro-Balbi-Della-Valle-555x608.jpg 555w, https:\/\/dellavallebalbi.com.uy\/wp-content\/uploads\/2019\/10\/Alejandro-Balbi-Della-Valle-360x395.jpg 360w, https:\/\/dellavallebalbi.com.uy\/wp-content\/uploads\/2019\/10\/Alejandro-Balbi-Della-Valle-262x287.jpg 262w\" sizes=\"auto, (max-width: 730px) 100vw, 730px\" \/><\/div><\/div><\/div>\n<div class=\"wpv-grid grid-1-3  wpv-first-level unextended\" style=\"padding-top:20px;padding-bottom:15px\" id=\"wpv-column-782b6b769a20a05c1096ddf465b4e3a7\" ><div class=\"row \"><div class=\"wpv-grid grid-1-1  first unextended animation-fade-in animated-active\" style=\"padding-top:0px;padding-bottom:0px\" id=\"wpv-column-f3e0de22499951037c501916b2d3ff41\" ><div class=\"single-staff-data\">\n<h4><strong>Nacionalidad<\/strong><em>Uruguayo<\/em><\/h4>\n<h4><strong>Profesi\u00f3n\/es<\/strong><em>Abogado<\/em><\/h4>\n<h4><strong>Idiomas<\/strong><em>Espa\u00f1ol &#8211; Ingl\u00e9s &#8211; Portugu\u00e9s &#8211; Italiano<\/em><\/h4>\n<h4><strong>Especialidad\/es<\/strong><em>Derecho Penal &#8211; Derecho Deportivo<\/em><\/h4>\n<h4><strong>Otros estudios<\/strong><\/h4>\n<h4><strong>\u00c1reas de Pr\u00e1ctica<\/strong><em>Derecho Penal \u2013 Delitos Culposos \u2013 Litigios &#8211;<br \/>\nAsesoramiento<\/em><\/h4>\n<h4><strong>Actividad P\u00fablica<\/strong><em>&#8211; Ex Presidente y actual miembro directivo del Club Nacional de Football<br \/>\n&#8211; Miembro de la Comisi\u00f3n de Grupo de Inter\u00e9s de la FIFA<br \/>\n&#8211; Miembro de la Comisi\u00f3n de Gobernanza y Transparencia de la CONMEBOL<br \/>\n&#8211; Ex Secretario General de la Asociaci\u00f3n Uruguaya de F\u00fatbol<\/em><\/h4>\n<h4><strong>Twitter<\/strong><em> @AleBalbi21<\/em><\/h4>\n<\/div>\n<div id=\"gtx-trans\" style=\"position: absolute; left: 474px; top: 346.125px;\">\n<div class=\"gtx-trans-icon\"><\/div>\n<\/div><\/div><\/div><\/div><\/div>\n<div class=\"push\" style='height:50px'><\/div>\n<div class=\"row \"><div class=\"wpv-grid grid-1-1  wpv-first-level first unextended animation-from-bottom animated-active\" style=\"padding-top:15px;padding-bottom:15px\" id=\"wpv-column-1e556b55173232ba6d019877f683eba4\" >\t\t<div class=\"sep-text single centered\">\n\t\t\t\t\t\t\t<span class=\"sep-text-before\"><div class=\"sep-text-line\"><\/div><\/span>\n\t\t\t\t\t\t<div class=\"content\">\n\t\t\t\t<h2 class=\"text-divider-double\">Contacto<\/h2>\t\t\t<\/div>\n\t\t\t<span class=\"sep-text-after\"><div class=\"sep-text-line\"><\/div><\/span>\n\t\t\t\t\t<\/div>\n\t<div class=\"push\" style='height:10px'><\/div>\n<div class=\"row \"><div class=\"wpv-grid grid-1-1  first unextended\" style=\"padding-top:0px;padding-bottom:0px\" id=\"wpv-column-fe5c874dbaa5da69c28f7615ff68e403\" ><p><p class=\"wpcf7-contact-form-not-found\"><strong>Erro:<\/strong> Formul\u00e1rio de contato n\u00e3o encontrado.<\/p><\/div><\/div><\/div><\/div>\n","protected":false},"excerpt":{"rendered":"<p>NacionalidadUruguayo Profesi\u00f3n\/esAbogado IdiomasEspa\u00f1ol &#8211; Ingl\u00e9s &#8211; Portugu\u00e9s &#8211; Italiano Especialidad\/esDerecho Penal &#8211; Derecho Deportivo Otros estudios \u00c1reas de Pr\u00e1cticaDerecho Penal \u2013 Delitos Culposos \u2013 Litigios &#8211; Asesoramiento Actividad P\u00fablica&#8211; Ex Presidente y actual miembro directivo del Club Nacional de Football &#8211; Miembro de la Comisi\u00f3n de Grupo de Inter\u00e9s de la FIFA &#8211; Miembro de&#8230;<\/p>\n","protected":false},"author":2,"featured_media":0,"parent":0,"menu_order":1,"comment_status":"closed","ping_status":"closed","template":"","meta":{"footnotes":""},"class_list":["post-10556","page","type-page","status-publish","hentry"],"_links":{"self":[{"href":"https:\/\/dellavallebalbi.com.uy\/pt-br\/wp-json\/wp\/v2\/pages\/10556","targetHints":{"allow":["GET"]}}],"collection":[{"href":"https:\/\/dellavallebalbi.com.uy\/pt-br\/wp-json\/wp\/v2\/pages"}],"about":[{"href":"https:\/\/dellavallebalbi.com.uy\/pt-br\/wp-json\/wp\/v2\/types\/page"}],"author":[{"embeddable":true,"href":"https:\/\/dellavallebalbi.com.uy\/pt-br\/wp-json\/wp\/v2\/users\/2"}],"replies":[{"embeddable":true,"href":"https:\/\/dellavallebalbi.com.uy\/pt-br\/wp-json\/wp\/v2\/comments?post=10556"}],"version-history":[{"count":2,"href":"https:\/\/dellavallebalbi.com.uy\/pt-br\/wp-json\/wp\/v2\/pages\/10556\/revisions"}],"predecessor-version":[{"id":11156,"href":"https:\/\/dellavallebalbi.com.uy\/pt-br\/wp-json\/wp\/v2\/pages\/10556\/revisions\/11156"}],"wp:attachment":[{"href":"https:\/\/dellavallebalbi.com.uy\/pt-br\/wp-json\/wp\/v2\/media?parent=10556"}],"curies":[{"name":"wp","href":"https:\/\/api.w.org\/{rel}","templated":true}]}}