{"id":10505,"date":"2019-11-27T22:34:34","date_gmt":"2019-11-27T21:34:34","guid":{"rendered":"http:\/\/dellavallebalbi.com.uy\/staff\/ignacio-balbi-villagran\/"},"modified":"2025-05-27T20:12:18","modified_gmt":"2025-05-27T18:12:18","slug":"ignacio-balbi-villagran","status":"publish","type":"page","link":"https:\/\/dellavallebalbi.com.uy\/pt-br\/ignacio-balbi-villagran\/","title":{"rendered":"Ignacio Balbi Villagran"},"content":{"rendered":"<div class=\"row \"><div class=\"wpv-grid grid-1-6  wpv-first-level first unextended\" style=\"padding-top:0px;padding-bottom:0px\" id=\"wpv-column-13054e05c2dfdfc552c76e943a8724a7\" ><\/div>\n<div class=\"wpv-grid grid-1-2  wpv-first-level unextended\" style=\"padding-top:0px;padding-bottom:0px\" id=\"wpv-column-6ec6bf533f3c550fd1dbf6071790ea09\" ><div class=\"row \"><div class=\"wpv-grid grid-1-1  first unextended\" style=\"padding-top:0px;padding-bottom:0px\" id=\"wpv-column-09a057eaece7212957ad19438fcf906f\" ><p><img loading=\"lazy\" decoding=\"async\" class=\"alignnone size-full wp-image-11024\" src=\"https:\/\/dellavallebalbi.com.uy\/wp-content\/uploads\/2023\/04\/Ignacio-Balbi-1.jpg\" alt=\"\" width=\"730\" height=\"800\" srcset=\"https:\/\/dellavallebalbi.com.uy\/wp-content\/uploads\/2023\/04\/Ignacio-Balbi-1.jpg 730w, https:\/\/dellavallebalbi.com.uy\/wp-content\/uploads\/2023\/04\/Ignacio-Balbi-1-274x300.jpg 274w, https:\/\/dellavallebalbi.com.uy\/wp-content\/uploads\/2023\/04\/Ignacio-Balbi-1-555x608.jpg 555w, https:\/\/dellavallebalbi.com.uy\/wp-content\/uploads\/2023\/04\/Ignacio-Balbi-1-360x395.jpg 360w, https:\/\/dellavallebalbi.com.uy\/wp-content\/uploads\/2023\/04\/Ignacio-Balbi-1-262x287.jpg 262w\" sizes=\"auto, (max-width: 730px) 100vw, 730px\" \/><\/div><\/div><\/div>\n<div class=\"wpv-grid grid-1-3  wpv-first-level unextended\" style=\"padding-top:20px;padding-bottom:15px\" id=\"wpv-column-806ebcaeeb2b705e0c04eb9f0a8e9307\" ><div class=\"row \"><div class=\"wpv-grid grid-1-1  first unextended animation-fade-in animated-active\" style=\"padding-top:0px;padding-bottom:0px\" id=\"wpv-column-60d3eb15ea8ccb5a974d1886aa7146f7\" ><div class=\"single-staff-data\">\n<h4><strong>Nascido<\/strong><em>em 27\/11\/1995<\/em><\/h4>\n<h4><strong>Nacionalidade<\/strong><em>Uruguaio<\/em><\/h4>\n<h4><strong>Idiomas<\/strong><em>Espanhol &#8211; Ingl\u00eas &#8211; Portugu\u00eas<\/em><\/h4>\n<h4><strong>\u00a0<\/strong> <em>Doutor em Direito <\/em><\/h4>\n<h4><strong>Outros estudos<\/strong>&#8211; Diploma em Direito Esportivo 2024, Universidade Austral<br \/>\n&#8211; Curso de Direito Esportivo 2023 &#8211; M\u00f3dulo II, Universidad Cat\u00f3lica del Uruguay.<br \/>\nUniversidade Cat\u00f3lica do Uruguai.<br \/>\n&#8211; Curso de p\u00f3s-gradua\u00e7\u00e3o em Direito Esportivo 2022, Universidade de Montevid\u00e9u.<br \/>\n&#8211; Congresso Anual da AIAF 2023 &#8211; Bordeaux, Fran\u00e7a<br \/>\n&#8211; Congresso Anual do AIAF 2022 &#8211; Rio de Janeiro, Brasil<br \/>\n&#8211; Congresso Anual da AIAF 2021 &#8211; Sevilha, Espanha<\/h4>\n<\/div><\/div><\/div><\/div><\/div>\n<div class=\"push\" style='height:50px'><\/div>\n<div class=\"row \"><div class=\"wpv-grid grid-1-1  wpv-first-level first unextended animation-from-bottom animated-active\" style=\"padding-top:15px;padding-bottom:15px\" id=\"wpv-column-d750dfadd1511a3704e0fda21ffc03b8\" >\t\t<div class=\"sep-text single centered\">\n\t\t\t\t\t\t\t<span class=\"sep-text-before\"><div class=\"sep-text-line\"><\/div><\/span>\n\t\t\t\t\t\t<div class=\"content\">\n\t\t\t\t<h2 class=\"text-divider-double\">Contato<\/h2>\t\t\t<\/div>\n\t\t\t<span class=\"sep-text-after\"><div class=\"sep-text-line\"><\/div><\/span>\n\t\t\t\t\t<\/div>\n\t<div class=\"push\" style='height:10px'><\/div>\n<div class=\"row \"><div class=\"wpv-grid grid-1-1  first unextended\" style=\"padding-top:0px;padding-bottom:0px\" id=\"wpv-column-266c9cfd74d5e915f64b0464fe344033\" ><p>\n<div class=\"wpcf7 no-js\" id=\"wpcf7-f10916-o1\" lang=\"pt-BR\" dir=\"ltr\" data-wpcf7-id=\"10916\">\n<div class=\"screen-reader-response\"><p role=\"status\" aria-live=\"polite\" aria-atomic=\"true\"><\/p> <ul><\/ul><\/div>\n<form action=\"\/pt-br\/wp-json\/wp\/v2\/pages\/10505#wpcf7-f10916-o1\" method=\"post\" class=\"wpcf7-form init\" aria-label=\"Formul\u00e1rios de contato\" novalidate=\"novalidate\" data-status=\"init\">\n<div style=\"display: none;\">\n<input type=\"hidden\" name=\"_wpcf7\" value=\"10916\" \/>\n<input type=\"hidden\" name=\"_wpcf7_version\" value=\"6.0.6\" \/>\n<input type=\"hidden\" name=\"_wpcf7_locale\" value=\"pt_BR\" \/>\n<input type=\"hidden\" name=\"_wpcf7_unit_tag\" value=\"wpcf7-f10916-o1\" \/>\n<input type=\"hidden\" name=\"_wpcf7_container_post\" value=\"0\" \/>\n<input type=\"hidden\" name=\"_wpcf7_posted_data_hash\" value=\"\" \/>\n<\/div>\n<div class=\"row\">\n\t<div class=\"grid-1-3\">\n\t\t<p><span class=\"wpcf7-form-control-wrap\" data-name=\"Name\"><input size=\"40\" maxlength=\"400\" class=\"wpcf7-form-control wpcf7-text wpcf7-validates-as-required\" aria-required=\"true\" aria-invalid=\"false\" placeholder=\"Nome e sobrenome\" value=\"\" type=\"text\" name=\"Name\" \/><\/span>\n\t\t<\/p>\n\t<\/div>\n\t<div class=\"grid-1-3\">\n\t\t<p><span class=\"wpcf7-form-control-wrap\" data-name=\"E-mail\"><input size=\"40\" maxlength=\"400\" class=\"wpcf7-form-control wpcf7-text wpcf7-validates-as-required\" aria-required=\"true\" aria-invalid=\"false\" placeholder=\"E-mail\" value=\"\" type=\"text\" name=\"E-mail\" \/><\/span>\n\t\t<\/p>\n\t<\/div>\n\t<div class=\"grid-1-3\">\n\t\t<p><span class=\"wpcf7-form-control-wrap\" data-name=\"Phone\"><input size=\"40\" maxlength=\"400\" class=\"wpcf7-form-control wpcf7-text\" aria-invalid=\"false\" placeholder=\"Telefone\" value=\"\" type=\"text\" name=\"Phone\" \/><\/span>\n\t\t<\/p>\n\t<\/div>\n\t<div class=\"grid-1-1\">\n\t\t<p><span class=\"wpcf7-form-control-wrap\" data-name=\"Message\"><textarea cols=\"40\" rows=\"7\" maxlength=\"2000\" class=\"wpcf7-form-control wpcf7-textarea wpcf7-validates-as-required\" aria-required=\"true\" aria-invalid=\"false\" placeholder=\"Mensagem...\" name=\"Message\"><\/textarea><\/span>\n\t\t<\/p>\n\t<\/div>\n\t<div class=\"grid-1-1\">\n\t\t<p><input class=\"wpcf7-form-control wpcf7-submit has-spinner\" type=\"submit\" value=\"Envie a consulta \u2192\" \/>\n\t\t<\/p>\n\t<\/div>\n<\/div><div class=\"wpcf7-response-output\" aria-hidden=\"true\"><\/div>\n<\/form>\n<\/div>\n<\/div><\/div><\/div><\/div>\n","protected":false},"excerpt":{"rendered":"<p>Nascidoem 27\/11\/1995 NacionalidadeUruguaio IdiomasEspanhol &#8211; Ingl\u00eas &#8211; Portugu\u00eas \u00a0 Doutor em Direito Outros estudos&#8211; Diploma em Direito Esportivo 2024, Universidade Austral &#8211; Curso de Direito Esportivo 2023 &#8211; M\u00f3dulo II, Universidad Cat\u00f3lica del Uruguay. Universidade Cat\u00f3lica do Uruguai. &#8211; Curso de p\u00f3s-gradua\u00e7\u00e3o em Direito Esportivo 2022, Universidade de Montevid\u00e9u. &#8211; Congresso Anual da AIAF 2023&#8230;<\/p>\n","protected":false},"author":2,"featured_media":0,"parent":0,"menu_order":22,"comment_status":"closed","ping_status":"closed","template":"","meta":{"footnotes":""},"class_list":["post-10505","page","type-page","status-publish","hentry"],"_links":{"self":[{"href":"https:\/\/dellavallebalbi.com.uy\/pt-br\/wp-json\/wp\/v2\/pages\/10505","targetHints":{"allow":["GET"]}}],"collection":[{"href":"https:\/\/dellavallebalbi.com.uy\/pt-br\/wp-json\/wp\/v2\/pages"}],"about":[{"href":"https:\/\/dellavallebalbi.com.uy\/pt-br\/wp-json\/wp\/v2\/types\/page"}],"author":[{"embeddable":true,"href":"https:\/\/dellavallebalbi.com.uy\/pt-br\/wp-json\/wp\/v2\/users\/2"}],"replies":[{"embeddable":true,"href":"https:\/\/dellavallebalbi.com.uy\/pt-br\/wp-json\/wp\/v2\/comments?post=10505"}],"version-history":[{"count":3,"href":"https:\/\/dellavallebalbi.com.uy\/pt-br\/wp-json\/wp\/v2\/pages\/10505\/revisions"}],"predecessor-version":[{"id":11137,"href":"https:\/\/dellavallebalbi.com.uy\/pt-br\/wp-json\/wp\/v2\/pages\/10505\/revisions\/11137"}],"wp:attachment":[{"href":"https:\/\/dellavallebalbi.com.uy\/pt-br\/wp-json\/wp\/v2\/media?parent=10505"}],"curies":[{"name":"wp","href":"https:\/\/api.w.org\/{rel}","templated":true}]}}