{"id":10503,"date":"2019-11-27T22:47:08","date_gmt":"2019-11-27T21:47:08","guid":{"rendered":"http:\/\/dellavallebalbi.com.uy\/staff\/felix-della-valle-clavier\/"},"modified":"2025-05-27T20:07:02","modified_gmt":"2025-05-27T18:07:02","slug":"felix-della-valle-clavier","status":"publish","type":"page","link":"https:\/\/dellavallebalbi.com.uy\/pt-br\/felix-della-valle-clavier\/","title":{"rendered":"Felix Della Valle Clavier"},"content":{"rendered":"<div class=\"row \"><div class=\"wpv-grid grid-1-6  wpv-first-level first unextended\" style=\"padding-top:0px;padding-bottom:0px\" id=\"wpv-column-056a27fa15562f3eff7de4f1051ab8cc\" ><\/div>\n<div class=\"wpv-grid grid-1-2  wpv-first-level unextended\" style=\"padding-top:0px;padding-bottom:0px\" id=\"wpv-column-35150febb45eb5498a01c5b531775dbb\" ><div class=\"row \"><div class=\"wpv-grid grid-1-1  first unextended\" style=\"padding-top:0px;padding-bottom:0px\" id=\"wpv-column-d071568c2387ba53fc32c4c7dc381cff\" ><p><img loading=\"lazy\" decoding=\"async\" class=\"alignnone wp-image-10134 size-full\" src=\"http:\/\/dellavallebalbi.com.uy\/wp-content\/uploads\/2019\/10\/Felix-Della-Valle-Clavier-2.jpg\" alt=\"\" width=\"730\" height=\"800\" srcset=\"https:\/\/dellavallebalbi.com.uy\/wp-content\/uploads\/2019\/10\/Felix-Della-Valle-Clavier-2.jpg 730w, https:\/\/dellavallebalbi.com.uy\/wp-content\/uploads\/2019\/10\/Felix-Della-Valle-Clavier-2-274x300.jpg 274w, https:\/\/dellavallebalbi.com.uy\/wp-content\/uploads\/2019\/10\/Felix-Della-Valle-Clavier-2-555x608.jpg 555w, https:\/\/dellavallebalbi.com.uy\/wp-content\/uploads\/2019\/10\/Felix-Della-Valle-Clavier-2-360x395.jpg 360w, https:\/\/dellavallebalbi.com.uy\/wp-content\/uploads\/2019\/10\/Felix-Della-Valle-Clavier-2-262x287.jpg 262w\" sizes=\"auto, (max-width: 730px) 100vw, 730px\" \/><\/div><\/div><\/div>\n<div class=\"wpv-grid grid-1-3  wpv-first-level unextended\" style=\"padding-top:20px;padding-bottom:15px\" id=\"wpv-column-090cf72b1e3a6bf5c51a381f34001f4a\" ><div class=\"row \"><div class=\"wpv-grid grid-1-1  first unextended animation-fade-in animated-active\" style=\"padding-top:0px;padding-bottom:0px\" id=\"wpv-column-bf684ab0c137e6bcaf39e3b36e6c584f\" ><div class=\"single-staff-data\">\n<h4><strong>Nascido<\/strong><em>02\/04\/2000<\/em><\/h4>\n<h4><strong>Nacionalidade<\/strong><em>Uruguaio<\/em><\/h4>\n<h4><strong>Idiomas<\/strong><em>Espanhol &#8211; Ingl\u00eas<\/em><\/h4>\n<h4><strong>Estudos<\/strong><em>Doutor em Direito e Ci\u00eancias Sociais em andamento<\/em><\/h4>\n<h4><strong>Atividades realizadas no estudo<\/strong><em>Direito civil e de fam\u00edlia<\/em><\/h4>\n<\/div><\/div><\/div><\/div><\/div>\n<div class=\"push\" style='height:50px'><\/div>\n<div class=\"row \"><div class=\"wpv-grid grid-1-1  wpv-first-level first unextended animation-from-bottom animated-active\" style=\"padding-top:15px;padding-bottom:15px\" id=\"wpv-column-a8575ee8f5bdd63b92d8e2a30ae8bcd4\" >\t\t<div class=\"sep-text single centered\">\n\t\t\t\t\t\t\t<span class=\"sep-text-before\"><div class=\"sep-text-line\"><\/div><\/span>\n\t\t\t\t\t\t<div class=\"content\">\n\t\t\t\t<h2 class=\"text-divider-double\">Contato<\/h2>\t\t\t<\/div>\n\t\t\t<span class=\"sep-text-after\"><div class=\"sep-text-line\"><\/div><\/span>\n\t\t\t\t\t<\/div>\n\t<div class=\"push\" style='height:10px'><\/div>\n<div class=\"row \"><div class=\"wpv-grid grid-1-1  first unextended\" style=\"padding-top:0px;padding-bottom:0px\" id=\"wpv-column-623654743830550578963dd59f4e2369\" ><p>\n<div class=\"wpcf7 no-js\" id=\"wpcf7-f10916-o1\" lang=\"pt-BR\" dir=\"ltr\" data-wpcf7-id=\"10916\">\n<div class=\"screen-reader-response\"><p role=\"status\" aria-live=\"polite\" aria-atomic=\"true\"><\/p> <ul><\/ul><\/div>\n<form action=\"\/pt-br\/wp-json\/wp\/v2\/pages\/10503#wpcf7-f10916-o1\" method=\"post\" class=\"wpcf7-form init\" aria-label=\"Formul\u00e1rios de contato\" novalidate=\"novalidate\" data-status=\"init\">\n<div style=\"display: none;\">\n<input type=\"hidden\" name=\"_wpcf7\" value=\"10916\" \/>\n<input type=\"hidden\" name=\"_wpcf7_version\" value=\"6.0.6\" \/>\n<input type=\"hidden\" name=\"_wpcf7_locale\" value=\"pt_BR\" \/>\n<input type=\"hidden\" name=\"_wpcf7_unit_tag\" value=\"wpcf7-f10916-o1\" \/>\n<input type=\"hidden\" name=\"_wpcf7_container_post\" value=\"0\" \/>\n<input type=\"hidden\" name=\"_wpcf7_posted_data_hash\" value=\"\" \/>\n<\/div>\n<div class=\"row\">\n\t<div class=\"grid-1-3\">\n\t\t<p><span class=\"wpcf7-form-control-wrap\" data-name=\"Name\"><input size=\"40\" maxlength=\"400\" class=\"wpcf7-form-control wpcf7-text wpcf7-validates-as-required\" aria-required=\"true\" aria-invalid=\"false\" placeholder=\"Nome e sobrenome\" value=\"\" type=\"text\" name=\"Name\" \/><\/span>\n\t\t<\/p>\n\t<\/div>\n\t<div class=\"grid-1-3\">\n\t\t<p><span class=\"wpcf7-form-control-wrap\" data-name=\"E-mail\"><input size=\"40\" maxlength=\"400\" class=\"wpcf7-form-control wpcf7-text wpcf7-validates-as-required\" aria-required=\"true\" aria-invalid=\"false\" placeholder=\"E-mail\" value=\"\" type=\"text\" name=\"E-mail\" \/><\/span>\n\t\t<\/p>\n\t<\/div>\n\t<div class=\"grid-1-3\">\n\t\t<p><span class=\"wpcf7-form-control-wrap\" data-name=\"Phone\"><input size=\"40\" maxlength=\"400\" class=\"wpcf7-form-control wpcf7-text\" aria-invalid=\"false\" placeholder=\"Telefone\" value=\"\" type=\"text\" name=\"Phone\" \/><\/span>\n\t\t<\/p>\n\t<\/div>\n\t<div class=\"grid-1-1\">\n\t\t<p><span class=\"wpcf7-form-control-wrap\" data-name=\"Message\"><textarea cols=\"40\" rows=\"7\" maxlength=\"2000\" class=\"wpcf7-form-control wpcf7-textarea wpcf7-validates-as-required\" aria-required=\"true\" aria-invalid=\"false\" placeholder=\"Mensagem...\" name=\"Message\"><\/textarea><\/span>\n\t\t<\/p>\n\t<\/div>\n\t<div class=\"grid-1-1\">\n\t\t<p><input class=\"wpcf7-form-control wpcf7-submit has-spinner\" type=\"submit\" value=\"Envie a consulta \u2192\" \/>\n\t\t<\/p>\n\t<\/div>\n<\/div><div class=\"wpcf7-response-output\" aria-hidden=\"true\"><\/div>\n<\/form>\n<\/div>\n<\/div><\/div><\/div><\/div>\n","protected":false},"excerpt":{"rendered":"<p>Nascido02\/04\/2000 NacionalidadeUruguaio IdiomasEspanhol &#8211; Ingl\u00eas EstudosDoutor em Direito e Ci\u00eancias Sociais em andamento Atividades realizadas no estudoDireito civil e de fam\u00edlia<\/p>\n","protected":false},"author":2,"featured_media":0,"parent":0,"menu_order":14,"comment_status":"closed","ping_status":"closed","template":"","meta":{"footnotes":""},"class_list":["post-10503","page","type-page","status-publish","hentry"],"_links":{"self":[{"href":"https:\/\/dellavallebalbi.com.uy\/pt-br\/wp-json\/wp\/v2\/pages\/10503","targetHints":{"allow":["GET"]}}],"collection":[{"href":"https:\/\/dellavallebalbi.com.uy\/pt-br\/wp-json\/wp\/v2\/pages"}],"about":[{"href":"https:\/\/dellavallebalbi.com.uy\/pt-br\/wp-json\/wp\/v2\/types\/page"}],"author":[{"embeddable":true,"href":"https:\/\/dellavallebalbi.com.uy\/pt-br\/wp-json\/wp\/v2\/users\/2"}],"replies":[{"embeddable":true,"href":"https:\/\/dellavallebalbi.com.uy\/pt-br\/wp-json\/wp\/v2\/comments?post=10503"}],"version-history":[{"count":1,"href":"https:\/\/dellavallebalbi.com.uy\/pt-br\/wp-json\/wp\/v2\/pages\/10503\/revisions"}],"predecessor-version":[{"id":11136,"href":"https:\/\/dellavallebalbi.com.uy\/pt-br\/wp-json\/wp\/v2\/pages\/10503\/revisions\/11136"}],"wp:attachment":[{"href":"https:\/\/dellavallebalbi.com.uy\/pt-br\/wp-json\/wp\/v2\/media?parent=10503"}],"curies":[{"name":"wp","href":"https:\/\/api.w.org\/{rel}","templated":true}]}}