{"id":10501,"date":"2019-11-27T21:52:33","date_gmt":"2019-11-27T20:52:33","guid":{"rendered":"http:\/\/dellavallebalbi.com.uy\/staff\/daniela-della-valle-lopes\/"},"modified":"2020-01-25T15:02:59","modified_gmt":"2020-01-25T14:02:59","slug":"daniela-della-valle-lopes","status":"publish","type":"page","link":"https:\/\/dellavallebalbi.com.uy\/pt-br\/staff\/daniela-della-valle-lopes\/","title":{"rendered":"Daniela Della Valle Lopes"},"content":{"rendered":"<div class=\"row \"><div class=\"wpv-grid grid-1-6  wpv-first-level first unextended\" style=\"padding-top:0px;padding-bottom:0px\" id=\"wpv-column-a7731ab57f1db81796815ea6c5871f05\" ><\/div>\n<div class=\"wpv-grid grid-1-2  wpv-first-level unextended\" style=\"padding-top:0px;padding-bottom:0px\" id=\"wpv-column-93e69b51f6ae96fa2107abdd064d9824\" ><div class=\"row \"><div class=\"wpv-grid grid-1-1  first unextended\" style=\"padding-top:0px;padding-bottom:0px\" id=\"wpv-column-352448aad2cc815f73e7f6bd48d4987f\" ><p><img loading=\"lazy\" decoding=\"async\" class=\"alignnone wp-image-9981 size-full\" src=\"http:\/\/dellavallebalbi.com.uy\/wp-content\/uploads\/2019\/10\/Daniela-Della-Valle-Lopes-1.jpg\" alt=\"\" width=\"730\" height=\"800\" srcset=\"https:\/\/dellavallebalbi.com.uy\/wp-content\/uploads\/2019\/10\/Daniela-Della-Valle-Lopes-1.jpg 730w, https:\/\/dellavallebalbi.com.uy\/wp-content\/uploads\/2019\/10\/Daniela-Della-Valle-Lopes-1-274x300.jpg 274w, https:\/\/dellavallebalbi.com.uy\/wp-content\/uploads\/2019\/10\/Daniela-Della-Valle-Lopes-1-555x608.jpg 555w, https:\/\/dellavallebalbi.com.uy\/wp-content\/uploads\/2019\/10\/Daniela-Della-Valle-Lopes-1-360x395.jpg 360w, https:\/\/dellavallebalbi.com.uy\/wp-content\/uploads\/2019\/10\/Daniela-Della-Valle-Lopes-1-262x287.jpg 262w\" sizes=\"auto, (max-width: 730px) 100vw, 730px\" \/><\/div><\/div><\/div>\n<div class=\"wpv-grid grid-1-3  wpv-first-level unextended\" style=\"padding-top:20px;padding-bottom:15px\" id=\"wpv-column-53f9e23d4b370f558328f9efe06b47a7\" ><div class=\"row \"><div class=\"wpv-grid grid-1-1  first unextended animation-fade-in animated-active\" style=\"padding-top:0px;padding-bottom:0px\" id=\"wpv-column-c5d63c02be098a7a57df09c50dbd6bf9\" ><div class=\"single-staff-data\">\n<h4><strong>Nascido<\/strong><em>30\/04\/1968<\/em><\/h4>\n<h4><strong>Nacionalidade<\/strong><em>Uruguaia<\/em><\/h4>\n<h4><strong>Profiss\u00e3o\/s<\/strong><em>Advogada -Not\u00e1ria<\/em><\/h4>\n<h4><strong>\u00edIdiomas<\/strong><em>Espanhol &#8211; Ingl\u00eas &#8211; Portugu\u00eas<\/em><\/h4>\n<h4><strong>\u00c1reas de Atua\u00e7\u00e3o<\/strong><em>Direito Civil &#8211; Direito da Fam\u00edlia &#8211; Notarial<\/em><\/h4>\n<\/div><\/div><\/div><\/div><\/div>\n<div class=\"push\" style='height:50px'><\/div>\n<div class=\"row \"><div class=\"wpv-grid grid-1-1  wpv-first-level first unextended animation-from-bottom animated-active\" style=\"padding-top:15px;padding-bottom:15px\" id=\"wpv-column-f7580e3f68fdae659318979843011633\" >\t\t<div class=\"sep-text single centered\">\n\t\t\t\t\t\t\t<span class=\"sep-text-before\"><div class=\"sep-text-line\"><\/div><\/span>\n\t\t\t\t\t\t<div class=\"content\">\n\t\t\t\t<h2 class=\"text-divider-double\">Contato<\/h2>\t\t\t<\/div>\n\t\t\t<span class=\"sep-text-after\"><div class=\"sep-text-line\"><\/div><\/span>\n\t\t\t\t\t<\/div>\n\t<div class=\"push\" style='height:10px'><\/div>\n<div class=\"row \"><div class=\"wpv-grid grid-1-1  first unextended\" style=\"padding-top:0px;padding-bottom:0px\" id=\"wpv-column-4e50b2fa7c41109c70f887699075a15e\" ><p>\n<div class=\"wpcf7 no-js\" id=\"wpcf7-f10916-o1\" lang=\"pt-BR\" dir=\"ltr\" data-wpcf7-id=\"10916\">\n<div class=\"screen-reader-response\"><p role=\"status\" aria-live=\"polite\" aria-atomic=\"true\"><\/p> <ul><\/ul><\/div>\n<form action=\"\/pt-br\/wp-json\/wp\/v2\/pages\/10501#wpcf7-f10916-o1\" method=\"post\" class=\"wpcf7-form init\" aria-label=\"Formul\u00e1rios de contato\" novalidate=\"novalidate\" data-status=\"init\">\n<div style=\"display: none;\">\n<input type=\"hidden\" name=\"_wpcf7\" value=\"10916\" \/>\n<input type=\"hidden\" name=\"_wpcf7_version\" value=\"6.0.6\" \/>\n<input type=\"hidden\" name=\"_wpcf7_locale\" value=\"pt_BR\" \/>\n<input type=\"hidden\" name=\"_wpcf7_unit_tag\" value=\"wpcf7-f10916-o1\" \/>\n<input type=\"hidden\" name=\"_wpcf7_container_post\" value=\"0\" \/>\n<input type=\"hidden\" name=\"_wpcf7_posted_data_hash\" value=\"\" \/>\n<\/div>\n<div class=\"row\">\n\t<div class=\"grid-1-3\">\n\t\t<p><span class=\"wpcf7-form-control-wrap\" data-name=\"Name\"><input size=\"40\" maxlength=\"400\" class=\"wpcf7-form-control wpcf7-text wpcf7-validates-as-required\" aria-required=\"true\" aria-invalid=\"false\" placeholder=\"Nome e sobrenome\" value=\"\" type=\"text\" name=\"Name\" \/><\/span>\n\t\t<\/p>\n\t<\/div>\n\t<div class=\"grid-1-3\">\n\t\t<p><span class=\"wpcf7-form-control-wrap\" data-name=\"E-mail\"><input size=\"40\" maxlength=\"400\" class=\"wpcf7-form-control wpcf7-text wpcf7-validates-as-required\" aria-required=\"true\" aria-invalid=\"false\" placeholder=\"E-mail\" value=\"\" type=\"text\" name=\"E-mail\" \/><\/span>\n\t\t<\/p>\n\t<\/div>\n\t<div class=\"grid-1-3\">\n\t\t<p><span class=\"wpcf7-form-control-wrap\" data-name=\"Phone\"><input size=\"40\" maxlength=\"400\" class=\"wpcf7-form-control wpcf7-text\" aria-invalid=\"false\" placeholder=\"Telefone\" value=\"\" type=\"text\" name=\"Phone\" \/><\/span>\n\t\t<\/p>\n\t<\/div>\n\t<div class=\"grid-1-1\">\n\t\t<p><span class=\"wpcf7-form-control-wrap\" data-name=\"Message\"><textarea cols=\"40\" rows=\"7\" maxlength=\"2000\" class=\"wpcf7-form-control wpcf7-textarea wpcf7-validates-as-required\" aria-required=\"true\" aria-invalid=\"false\" placeholder=\"Mensagem...\" name=\"Message\"><\/textarea><\/span>\n\t\t<\/p>\n\t<\/div>\n\t<div class=\"grid-1-1\">\n\t\t<p><input class=\"wpcf7-form-control wpcf7-submit has-spinner\" type=\"submit\" value=\"Envie a consulta \u2192\" \/>\n\t\t<\/p>\n\t<\/div>\n<\/div><div class=\"wpcf7-response-output\" aria-hidden=\"true\"><\/div>\n<\/form>\n<\/div>\n<\/div><\/div><\/div><\/div>\n","protected":false},"excerpt":{"rendered":"<p>Nascido30\/04\/1968 NacionalidadeUruguaia Profiss\u00e3o\/sAdvogada -Not\u00e1ria \u00edIdiomasEspanhol &#8211; Ingl\u00eas &#8211; Portugu\u00eas \u00c1reas de Atua\u00e7\u00e3oDireito Civil &#8211; Direito da Fam\u00edlia &#8211; Notarial<\/p>\n","protected":false},"author":2,"featured_media":0,"parent":10066,"menu_order":10,"comment_status":"closed","ping_status":"closed","template":"","meta":{"footnotes":""},"class_list":["post-10501","page","type-page","status-publish","hentry"],"_links":{"self":[{"href":"https:\/\/dellavallebalbi.com.uy\/pt-br\/wp-json\/wp\/v2\/pages\/10501","targetHints":{"allow":["GET"]}}],"collection":[{"href":"https:\/\/dellavallebalbi.com.uy\/pt-br\/wp-json\/wp\/v2\/pages"}],"about":[{"href":"https:\/\/dellavallebalbi.com.uy\/pt-br\/wp-json\/wp\/v2\/types\/page"}],"author":[{"embeddable":true,"href":"https:\/\/dellavallebalbi.com.uy\/pt-br\/wp-json\/wp\/v2\/users\/2"}],"replies":[{"embeddable":true,"href":"https:\/\/dellavallebalbi.com.uy\/pt-br\/wp-json\/wp\/v2\/comments?post=10501"}],"version-history":[{"count":0,"href":"https:\/\/dellavallebalbi.com.uy\/pt-br\/wp-json\/wp\/v2\/pages\/10501\/revisions"}],"up":[{"embeddable":true,"href":"https:\/\/dellavallebalbi.com.uy\/pt-br\/wp-json\/wp\/v2\/pages\/10066"}],"wp:attachment":[{"href":"https:\/\/dellavallebalbi.com.uy\/pt-br\/wp-json\/wp\/v2\/media?parent=10501"}],"curies":[{"name":"wp","href":"https:\/\/api.w.org\/{rel}","templated":true}]}}