{"id":10481,"date":"2019-10-17T12:04:48","date_gmt":"2019-10-17T10:04:48","guid":{"rendered":"http:\/\/dellavallebalbi.com.uy\/historia\/"},"modified":"2025-05-27T20:21:03","modified_gmt":"2025-05-27T18:21:03","slug":"historia","status":"publish","type":"page","link":"https:\/\/dellavallebalbi.com.uy\/pt-br\/historia\/","title":{"rendered":"Hist\u00f3ria"},"content":{"rendered":"<div class=\"push\" style='height:30px'><\/div>\n<div class=\"row \"><div class=\"wpv-grid grid-5-6  wpv-first-level first unextended\" style=\"padding-top:0px;padding-bottom:0px\" id=\"wpv-column-0ff345027a6ff57daddd462954f1e4ac\" ><div class=\"row \"><div class=\"wpv-grid grid-3-5  first unextended\" style=\"padding-top:0px;padding-bottom:0px\" id=\"wpv-column-ae56b4bf53704f6b8d8c3c69fa3608c6\" ><h1>Hist\u00f3ria<\/h1><\/div><\/div>\n<div class=\"row \"><div class=\"wpv-grid grid-3-5  first unextended\" style=\"padding-top:0px;padding-bottom:0px\" id=\"wpv-column-42c965b5e2b8d1460b980e2aa7275f92\" ><h3>O escrit\u00f3rio foi fundado h\u00e1 45 anos pelo<br \/>\nDr. V\u00edctor Della Valle, que desde o in\u00edcio<br \/>\nse especializou em Direito Penal, conquistando<br \/>\nrapidamente uma posi\u00e7\u00e3o por<br \/>\nseu excelente trabalho profissional.<\/h3><\/div><\/div>\n<div class=\"push\" style='height:20px'><\/div>\n<div class=\"row \"><div class=\"wpv-grid grid-3-5  first unextended\" style=\"padding-top:0px;padding-bottom:0px\" id=\"wpv-column-3c2acae4e06e4ec42ac744e44a7ebc6c\" ><p>Alguns anos mais tarde, seu sobrinho, Dr. Alejandro Balbi Della Valle, juntou-se ao escrit\u00f3rio e, juntos, consolidaram a posi\u00e7\u00e3o do escrit\u00f3rio em quest\u00f5es criminais, colocando-o entre os mais renomados do pa\u00eds.<\/p>\n<p>Com o passar do tempo, a Dra. Daniela Della Valle, advogada e tabeli\u00e3, juntou-se \u00e0 equipe, ampliando a gama de servi\u00e7os oferecidos pelo escrit\u00f3rio. Juntamente com sua irm\u00e3, Dra. Luciana Della Valle &#8211; ambas filhas do fundador -, elas se especializaram nas \u00e1reas de Direito Civil, Trabalhista e de Fam\u00edlia.<\/p>\n<p>Posteriormente, o Dr. Carlos Balbi Della Valle, que tamb\u00e9m se especializou em Direito Penal, passou a integrar o escrit\u00f3rio.<\/p>\n<p>Em 2017, Ignacio Balbi passou a integrar o escrit\u00f3rio como advogado, que, ap\u00f3s obter seu diploma de direito, dedicou-se ao Direito Civil e Esportivo.<\/p>\n<p>Finalmente, o Dr. F\u00e9lix Della Valle, que atualmente trabalha nas \u00e1reas de Direito Civil e de Fam\u00edlia, passou a integrar o escrit\u00f3rio.<\/p>\n<p>O escrit\u00f3rio conta com um advogado universit\u00e1rio e uma secret\u00e1ria executiva bil\u00edngue. Tamb\u00e9m possui um escrit\u00f3rio permanente na cidade de Punta del Este e uma rede de correspondentes em todo o pa\u00eds e no exterior: Argentina, Brasil, Paraguai, Chile, Col\u00f4mbia, Estados Unidos, It\u00e1lia, Fran\u00e7a, Su\u00ed\u00e7a, Inglaterra e Espanha.<\/p>\n<p>Figuras p\u00fablicas de renome &#8211; incluindo artistas, esportistas, pol\u00edticos nacionais e internacionais, bem como empres\u00e1rios de diferentes pa\u00edses &#8211; t\u00eam sido profissionalmente assistidas e assessoradas em diferentes \u00e1reas do direito.<\/p>\n<p>Com um s\u00f3lido hist\u00f3rico em quest\u00f5es de extradi\u00e7\u00e3o, o escrit\u00f3rio patrocinou e prestou consultoria nos casos mais relevantes dos \u00faltimos 30 anos no Uruguai.<\/p>\n<p>Tamb\u00e9m possui uma vasta experi\u00eancia em Direito Esportivo, apoiada pela excelente trajet\u00f3ria do Dr. V\u00edctor Della Valle e do Dr. Alejandro Balbi, que ocuparam importantes cargos executivos na Associa\u00e7\u00e3o Uruguaia de Futebol e no Clube Nacional de Futebol. Atualmente, essa \u00e1rea \u00e9 liderada pelo Dr. Ignacio Balbi, que se especializou por meio de cursos, semin\u00e1rios e congressos, tanto no Uruguai quanto no exterior, mantendo-se atualizado em um ramo do direito cujas regulamenta\u00e7\u00f5es est\u00e3o em constante evolu\u00e7\u00e3o.<\/div><\/div><\/div><\/div>\n<div class=\"push\" style='height:30px'><\/div>\n","protected":false},"excerpt":{"rendered":"<p>Hist\u00f3ria O escrit\u00f3rio foi fundado h\u00e1 45 anos pelo Dr. V\u00edctor Della Valle, que desde o in\u00edcio se especializou em Direito Penal, conquistando rapidamente uma posi\u00e7\u00e3o por seu excelente trabalho profissional. Alguns anos mais tarde, seu sobrinho, Dr. Alejandro Balbi Della Valle, juntou-se ao escrit\u00f3rio e, juntos, consolidaram a posi\u00e7\u00e3o do escrit\u00f3rio em quest\u00f5es criminais,&#8230;<\/p>\n","protected":false},"author":2,"featured_media":0,"parent":0,"menu_order":16,"comment_status":"closed","ping_status":"closed","template":"","meta":{"footnotes":""},"class_list":["post-10481","page","type-page","status-publish","hentry"],"_links":{"self":[{"href":"https:\/\/dellavallebalbi.com.uy\/pt-br\/wp-json\/wp\/v2\/pages\/10481","targetHints":{"allow":["GET"]}}],"collection":[{"href":"https:\/\/dellavallebalbi.com.uy\/pt-br\/wp-json\/wp\/v2\/pages"}],"about":[{"href":"https:\/\/dellavallebalbi.com.uy\/pt-br\/wp-json\/wp\/v2\/types\/page"}],"author":[{"embeddable":true,"href":"https:\/\/dellavallebalbi.com.uy\/pt-br\/wp-json\/wp\/v2\/users\/2"}],"replies":[{"embeddable":true,"href":"https:\/\/dellavallebalbi.com.uy\/pt-br\/wp-json\/wp\/v2\/comments?post=10481"}],"version-history":[{"count":2,"href":"https:\/\/dellavallebalbi.com.uy\/pt-br\/wp-json\/wp\/v2\/pages\/10481\/revisions"}],"predecessor-version":[{"id":11141,"href":"https:\/\/dellavallebalbi.com.uy\/pt-br\/wp-json\/wp\/v2\/pages\/10481\/revisions\/11141"}],"wp:attachment":[{"href":"https:\/\/dellavallebalbi.com.uy\/pt-br\/wp-json\/wp\/v2\/media?parent=10481"}],"curies":[{"name":"wp","href":"https:\/\/api.w.org\/{rel}","templated":true}]}}