{"id":10068,"date":"2014-09-28T01:12:16","date_gmt":"2014-09-28T01:12:16","guid":{"rendered":"http:\/\/dellavallebalbi.com.uy\/staff\/victor-della-valle-bataille\/"},"modified":"2020-01-25T13:30:48","modified_gmt":"2020-01-25T12:30:48","slug":"victor-della-valle-bataille","status":"publish","type":"page","link":"https:\/\/dellavallebalbi.com.uy\/pt-br\/staff\/victor-della-valle-bataille\/","title":{"rendered":"V\u00edctor Della Valle Bataille"},"content":{"rendered":"<div class=\"row \"><div class=\"wpv-grid grid-1-6  wpv-first-level first unextended\" style=\"padding-top:0px;padding-bottom:0px\" id=\"wpv-column-bbc31d832cc02b55f6a6ec3a98eafe87\" ><\/div>\n<div class=\"wpv-grid grid-1-2  wpv-first-level unextended\" style=\"padding-top:0px;padding-bottom:0px\" id=\"wpv-column-e7caae99a68a04bed937226dcafa79c5\" ><div class=\"row \"><div class=\"wpv-grid grid-1-1  first unextended\" style=\"padding-top:0px;padding-bottom:0px\" id=\"wpv-column-e21cc27cb2f5479147d0b6dd325caa1d\" ><p><img loading=\"lazy\" decoding=\"async\" class=\"alignnone wp-image-9954 size-full\" src=\"http:\/\/dellavallebalbi.com.uy\/wp-content\/uploads\/2019\/10\/Victor-Della-Valle-big-2.jpg\" alt=\"\" width=\"730\" height=\"800\" srcset=\"https:\/\/dellavallebalbi.com.uy\/wp-content\/uploads\/2019\/10\/Victor-Della-Valle-big-2.jpg 730w, https:\/\/dellavallebalbi.com.uy\/wp-content\/uploads\/2019\/10\/Victor-Della-Valle-big-2-274x300.jpg 274w, https:\/\/dellavallebalbi.com.uy\/wp-content\/uploads\/2019\/10\/Victor-Della-Valle-big-2-555x608.jpg 555w, https:\/\/dellavallebalbi.com.uy\/wp-content\/uploads\/2019\/10\/Victor-Della-Valle-big-2-360x395.jpg 360w, https:\/\/dellavallebalbi.com.uy\/wp-content\/uploads\/2019\/10\/Victor-Della-Valle-big-2-262x287.jpg 262w\" sizes=\"auto, (max-width: 730px) 100vw, 730px\" \/><\/div><\/div><\/div>\n<div class=\"wpv-grid grid-1-3  wpv-first-level unextended\" style=\"padding-top:20px;padding-bottom:15px\" id=\"wpv-column-afe0e7a36833f22d1247aa443623ac99\" ><div class=\"row \"><div class=\"wpv-grid grid-1-1  first unextended animation-fade-in animated-active\" style=\"padding-top:0px;padding-bottom:0px\" id=\"wpv-column-97f6b3fa2e2123260f3f5dca02bcb7c4\" ><div class=\"single-staff-data\">\n<h4><strong>Nacido<\/strong><em>23\/01\/1943<\/em><\/h4>\n<h4><strong>Nacionalidade<\/strong><em>Uruguaio<\/em><\/h4>\n<h4><strong>Profiss\u00e3o \/ s<\/strong><em>Doutor em Direito e Ci\u00eancias Sociais pela Universidade da Rep\u00fablica<\/em><\/h4>\n<h4><strong>Idiomas<\/strong><em>Espa\u00f1ol, portugu\u00e9s, ingl\u00e9s, italiano<\/em><\/h4>\n<h4><strong>Outros estudos<\/strong><em>Curso Avan\u00e7ado de Contencioso Oral da Universidade Cat\u00f3lica do Uruguai. 2019 ano<\/em><\/h4>\n<h4><strong>\u00c1reas de Atua\u00e7\u00e3o<\/strong><em>Direito Penal, Direito do Esporte<\/em><\/h4>\n<h4><strong>Atividade p\u00fablica<\/strong><em> &#8211; Ex-Presidente do &#8220;Club Nacional de Football&#8221;<br \/>\n&#8211; Ex-vice-presidente do &#8220;Club Nacional de Football&#8221;<br \/>\n&#8211; Ex-Delegado do &#8220;Club Nacional de Football&#8221; da CONMEBOL<br \/>\n&#8211; Ex-Secret\u00e1rio Geral da Federa\u00e7\u00e3o Uruguaia de Futebol em dois per\u00edodos<br \/>\n&#8211; Ex-delegado ao Congresso da FIFA da Copa do Mundo \u201cIt\u00e1lia 1990\u201d<br \/>\n&#8211; Fundador do Clube Social e Esportivo &#8220;El Tanque Sisley&#8221; e Presidente h\u00e1 20 anos<\/em><\/h4>\n<\/div><\/div><\/div><\/div><\/div>\n<div class=\"push\" style='height:50px'><\/div>\n<div class=\"row \"><div class=\"wpv-grid grid-1-1  wpv-first-level first unextended animation-from-bottom animated-active\" style=\"padding-top:15px;padding-bottom:15px\" id=\"wpv-column-75c07648507122d2381b01be1003c5ee\" >\t\t<div class=\"sep-text single centered\">\n\t\t\t\t\t\t\t<span class=\"sep-text-before\"><div class=\"sep-text-line\"><\/div><\/span>\n\t\t\t\t\t\t<div class=\"content\">\n\t\t\t\t<h2 class=\"text-divider-double\">Contato<\/h2>\t\t\t<\/div>\n\t\t\t<span class=\"sep-text-after\"><div class=\"sep-text-line\"><\/div><\/span>\n\t\t\t\t\t<\/div>\n\t<div class=\"push\" style='height:10px'><\/div>\n<div class=\"row \"><div class=\"wpv-grid grid-1-1  first unextended\" style=\"padding-top:0px;padding-bottom:0px\" id=\"wpv-column-b05f67f82ebc6b66ef90753d62343d2d\" ><p>\n<div class=\"wpcf7 no-js\" id=\"wpcf7-f10916-o1\" lang=\"pt-BR\" dir=\"ltr\" data-wpcf7-id=\"10916\">\n<div class=\"screen-reader-response\"><p role=\"status\" aria-live=\"polite\" aria-atomic=\"true\"><\/p> <ul><\/ul><\/div>\n<form action=\"\/pt-br\/wp-json\/wp\/v2\/pages\/10068#wpcf7-f10916-o1\" method=\"post\" class=\"wpcf7-form init\" aria-label=\"Formul\u00e1rios de contato\" novalidate=\"novalidate\" data-status=\"init\">\n<div style=\"display: none;\">\n<input type=\"hidden\" name=\"_wpcf7\" value=\"10916\" \/>\n<input type=\"hidden\" name=\"_wpcf7_version\" value=\"6.0.6\" \/>\n<input type=\"hidden\" name=\"_wpcf7_locale\" value=\"pt_BR\" \/>\n<input type=\"hidden\" name=\"_wpcf7_unit_tag\" value=\"wpcf7-f10916-o1\" \/>\n<input type=\"hidden\" name=\"_wpcf7_container_post\" value=\"0\" \/>\n<input type=\"hidden\" name=\"_wpcf7_posted_data_hash\" value=\"\" \/>\n<\/div>\n<div class=\"row\">\n\t<div class=\"grid-1-3\">\n\t\t<p><span class=\"wpcf7-form-control-wrap\" data-name=\"Name\"><input size=\"40\" maxlength=\"400\" class=\"wpcf7-form-control wpcf7-text wpcf7-validates-as-required\" aria-required=\"true\" aria-invalid=\"false\" placeholder=\"Nome e sobrenome\" value=\"\" type=\"text\" name=\"Name\" \/><\/span>\n\t\t<\/p>\n\t<\/div>\n\t<div class=\"grid-1-3\">\n\t\t<p><span class=\"wpcf7-form-control-wrap\" data-name=\"E-mail\"><input size=\"40\" maxlength=\"400\" class=\"wpcf7-form-control wpcf7-text wpcf7-validates-as-required\" aria-required=\"true\" aria-invalid=\"false\" placeholder=\"E-mail\" value=\"\" type=\"text\" name=\"E-mail\" \/><\/span>\n\t\t<\/p>\n\t<\/div>\n\t<div class=\"grid-1-3\">\n\t\t<p><span class=\"wpcf7-form-control-wrap\" data-name=\"Phone\"><input size=\"40\" maxlength=\"400\" class=\"wpcf7-form-control wpcf7-text\" aria-invalid=\"false\" placeholder=\"Telefone\" value=\"\" type=\"text\" name=\"Phone\" \/><\/span>\n\t\t<\/p>\n\t<\/div>\n\t<div class=\"grid-1-1\">\n\t\t<p><span class=\"wpcf7-form-control-wrap\" data-name=\"Message\"><textarea cols=\"40\" rows=\"7\" maxlength=\"2000\" class=\"wpcf7-form-control wpcf7-textarea wpcf7-validates-as-required\" aria-required=\"true\" aria-invalid=\"false\" placeholder=\"Mensagem...\" name=\"Message\"><\/textarea><\/span>\n\t\t<\/p>\n\t<\/div>\n\t<div class=\"grid-1-1\">\n\t\t<p><input class=\"wpcf7-form-control wpcf7-submit has-spinner\" type=\"submit\" value=\"Envie a consulta \u2192\" \/>\n\t\t<\/p>\n\t<\/div>\n<\/div><div class=\"wpcf7-response-output\" aria-hidden=\"true\"><\/div>\n<\/form>\n<\/div>\n<\/div><\/div><\/div><\/div>\n","protected":false},"excerpt":{"rendered":"<p>Nacido23\/01\/1943 NacionalidadeUruguaio Profiss\u00e3o \/ sDoutor em Direito e Ci\u00eancias Sociais pela Universidade da Rep\u00fablica IdiomasEspa\u00f1ol, portugu\u00e9s, ingl\u00e9s, italiano Outros estudosCurso Avan\u00e7ado de Contencioso Oral da Universidade Cat\u00f3lica do Uruguai. 2019 ano \u00c1reas de Atua\u00e7\u00e3oDireito Penal, Direito do Esporte Atividade p\u00fablica &#8211; Ex-Presidente do &#8220;Club Nacional de Football&#8221; &#8211; Ex-vice-presidente do &#8220;Club Nacional de Football&#8221; &#8211;&#8230;<\/p>\n","protected":false},"author":2,"featured_media":0,"parent":10066,"menu_order":38,"comment_status":"closed","ping_status":"closed","template":"","meta":{"footnotes":""},"class_list":["post-10068","page","type-page","status-publish","hentry"],"_links":{"self":[{"href":"https:\/\/dellavallebalbi.com.uy\/pt-br\/wp-json\/wp\/v2\/pages\/10068","targetHints":{"allow":["GET"]}}],"collection":[{"href":"https:\/\/dellavallebalbi.com.uy\/pt-br\/wp-json\/wp\/v2\/pages"}],"about":[{"href":"https:\/\/dellavallebalbi.com.uy\/pt-br\/wp-json\/wp\/v2\/types\/page"}],"author":[{"embeddable":true,"href":"https:\/\/dellavallebalbi.com.uy\/pt-br\/wp-json\/wp\/v2\/users\/2"}],"replies":[{"embeddable":true,"href":"https:\/\/dellavallebalbi.com.uy\/pt-br\/wp-json\/wp\/v2\/comments?post=10068"}],"version-history":[{"count":0,"href":"https:\/\/dellavallebalbi.com.uy\/pt-br\/wp-json\/wp\/v2\/pages\/10068\/revisions"}],"up":[{"embeddable":true,"href":"https:\/\/dellavallebalbi.com.uy\/pt-br\/wp-json\/wp\/v2\/pages\/10066"}],"wp:attachment":[{"href":"https:\/\/dellavallebalbi.com.uy\/pt-br\/wp-json\/wp\/v2\/media?parent=10068"}],"curies":[{"name":"wp","href":"https:\/\/api.w.org\/{rel}","templated":true}]}}